{"id":9654,"date":"2023-05-08T08:24:05","date_gmt":"2023-05-08T12:24:05","guid":{"rendered":"https:\/\/thelatinapro.com\/?page_id=9654"},"modified":"2025-03-25T12:31:53","modified_gmt":"2025-03-25T16:31:53","slug":"calendario","status":"publish","type":"page","link":"https:\/\/thelatinapro.com\/en\/calendario\/","title":{"rendered":"Calendario"},"content":{"rendered":"\t\t<div data-elementor-type=\"wp-page\" data-elementor-id=\"9654\" class=\"elementor elementor-9654\" data-elementor-settings=\"{&quot;ha_cmc_init_switcher&quot;:&quot;no&quot;}\" data-elementor-post-type=\"page\">\n\t\t\t\t\t\t<section class=\"has_eae_slider elementor-section elementor-top-section elementor-element elementor-element-dd01f56 elementor-section-full_width elementor-section-height-min-height elementor-section-height-default elementor-section-items-middle\" data-dce-background-overlay-color=\"#FFFFFF\" data-dce-background-image-url=\"https:\/\/res.cloudinary.com\/dbtetspvo\/images\/v1683548821\/Untitled-design-2023-05-08T092652.056\/Untitled-design-2023-05-08T092652.056.jpg?_i=AA\" data-id=\"dd01f56\" data-element_type=\"section\" data-settings=\"{&quot;background_background&quot;:&quot;classic&quot;,&quot;jet_parallax_layout_list&quot;:[],&quot;_ha_eqh_enable&quot;:false}\">\n\t\t\t\t\t\t\t<div class=\"elementor-background-overlay\"><\/div>\n\t\t\t\t\t\t\t<div class=\"elementor-container elementor-column-gap-default\">\n\t\t\t\t\t<div class=\"has_eae_slider elementor-column elementor-col-50 elementor-top-column elementor-element elementor-element-211273e\" data-id=\"211273e\" data-element_type=\"column\">\n\t\t\t<div class=\"elementor-widget-wrap elementor-element-populated\">\n\t\t\t\t\t\t<div class=\"elementor-element elementor-element-5b293d4 elementor-widget elementor-widget-heading\" data-id=\"5b293d4\" data-element_type=\"widget\" data-widget_type=\"heading.default\">\n\t\t\t\t<div class=\"elementor-widget-container\">\n\t\t\t\t\t<h1 class=\"elementor-heading-title elementor-size-default\">Futuros eventos y encuentros<\/h1>\t\t\t\t<\/div>\n\t\t\t\t<\/div>\n\t\t\t\t<div class=\"elementor-element elementor-element-d379cf5 elementor-widget elementor-widget-heading\" data-id=\"d379cf5\" data-element_type=\"widget\" data-widget_type=\"heading.default\">\n\t\t\t\t<div class=\"elementor-widget-container\">\n\t\t\t\t\t<h1 class=\"elementor-heading-title elementor-size-default\">Conoce los futuros eventos the TheLatinaPro\u00ae<\/h1>\t\t\t\t<\/div>\n\t\t\t\t<\/div>\n\t\t\t\t\t<\/div>\n\t\t<\/div>\n\t\t\t\t<div class=\"has_eae_slider elementor-column elementor-col-50 elementor-top-column elementor-element elementor-element-33c503b\" data-id=\"33c503b\" data-element_type=\"column\">\n\t\t\t<div class=\"elementor-widget-wrap\">\n\t\t\t\t\t\t\t<\/div>\n\t\t<\/div>\n\t\t\t\t\t<\/div>\n\t\t<\/section>\n\t\t\t\t<section class=\"has_eae_slider elementor-section elementor-top-section elementor-element elementor-element-65728d0 elementor-section-full_width elementor-section-height-default elementor-section-height-default\" data-id=\"65728d0\" data-element_type=\"section\" data-settings=\"{&quot;jet_parallax_layout_list&quot;:[],&quot;_ha_eqh_enable&quot;:false}\">\n\t\t\t\t\t\t<div class=\"elementor-container elementor-column-gap-default\">\n\t\t\t\t\t<div class=\"has_eae_slider elementor-column elementor-col-100 elementor-top-column elementor-element elementor-element-33b0ecf\" data-id=\"33b0ecf\" data-element_type=\"column\">\n\t\t\t<div class=\"elementor-widget-wrap elementor-element-populated\">\n\t\t\t\t\t\t<div class=\"elementor-element elementor-element-c8d6a33 elementor-widget elementor-widget-heading\" data-id=\"c8d6a33\" data-element_type=\"widget\" data-widget_type=\"heading.default\">\n\t\t\t\t<div class=\"elementor-widget-container\">\n\t\t\t\t\t<p class=\"elementor-heading-title elementor-size-default\">Calendario de Eventos<\/p>\t\t\t\t<\/div>\n\t\t\t\t<\/div>\n\t\t\t\t<div class=\"elementor-element elementor-element-4096604 ha-advanced-tooltip-top ha-has-bg-overlay elementor-widget elementor-widget-jet-listing-grid\" data-id=\"4096604\" data-element_type=\"widget\" data-settings=\"{&quot;columns&quot;:&quot;3&quot;,&quot;columns_mobile&quot;:&quot;1&quot;}\" data-widget_type=\"jet-listing-grid.default\">\n\t\t\t\t<div class=\"elementor-widget-container\">\n\t\t\t\t\t<div class=\"jet-listing-grid jet-listing\"><div class=\"jet-listing-grid__items grid-col-desk-3 grid-col-tablet-3 grid-col-mobile-1 jet-listing-grid--37406 jet-equal-columns__wrapper\" data-queried-id=\"9654|WP_Post\" data-nav=\"{&quot;enabled&quot;:false,&quot;type&quot;:null,&quot;more_el&quot;:null,&quot;query&quot;:[],&quot;widget_settings&quot;:{&quot;lisitng_id&quot;:37406,&quot;posts_num&quot;:30,&quot;columns&quot;:3,&quot;columns_tablet&quot;:3,&quot;columns_mobile&quot;:1,&quot;is_archive_template&quot;:&quot;&quot;,&quot;post_status&quot;:[&quot;publish&quot;],&quot;use_random_posts_num&quot;:&quot;&quot;,&quot;max_posts_num&quot;:9,&quot;not_found_message&quot;:&quot;No data was found&quot;,&quot;is_masonry&quot;:false,&quot;equal_columns_height&quot;:&quot;yes&quot;,&quot;use_load_more&quot;:&quot;&quot;,&quot;load_more_id&quot;:&quot;&quot;,&quot;load_more_type&quot;:&quot;click&quot;,&quot;load_more_offset&quot;:{&quot;unit&quot;:&quot;px&quot;,&quot;size&quot;:0,&quot;sizes&quot;:[]},&quot;use_custom_post_types&quot;:&quot;&quot;,&quot;custom_post_types&quot;:[],&quot;hide_widget_if&quot;:&quot;&quot;,&quot;carousel_enabled&quot;:&quot;&quot;,&quot;slides_to_scroll&quot;:&quot;1&quot;,&quot;arrows&quot;:&quot;true&quot;,&quot;arrow_icon&quot;:&quot;fa fa-angle-left&quot;,&quot;dots&quot;:&quot;&quot;,&quot;autoplay&quot;:&quot;true&quot;,&quot;pause_on_hover&quot;:&quot;true&quot;,&quot;autoplay_speed&quot;:5000,&quot;infinite&quot;:&quot;true&quot;,&quot;center_mode&quot;:&quot;&quot;,&quot;effect&quot;:&quot;slide&quot;,&quot;speed&quot;:500,&quot;inject_alternative_items&quot;:&quot;&quot;,&quot;injection_items&quot;:[],&quot;scroll_slider_enabled&quot;:&quot;&quot;,&quot;scroll_slider_on&quot;:[&quot;desktop&quot;,&quot;tablet&quot;,&quot;mobile&quot;],&quot;custom_query&quot;:&quot;yes&quot;,&quot;custom_query_id&quot;:&quot;4&quot;,&quot;_element_id&quot;:&quot;&quot;}}\" data-page=\"1\" data-pages=\"1\" data-listing-source=\"query\" data-listing-id=\"37406\" data-query-id=\"4\"><div class=\"jet-listing-grid__item jet-listing-dynamic-post-45253 jet-equal-columns\" data-post-id=\"45253\" >\t\t<div data-elementor-type=\"jet-listing-items\" data-elementor-id=\"37406\" class=\"elementor elementor-37406\" data-elementor-settings=\"{&quot;ha_cmc_init_switcher&quot;:&quot;no&quot;}\" data-elementor-post-type=\"jet-engine\">\n\t\t\t\t\t\t<section class=\"has_eae_slider elementor-section elementor-top-section elementor-element elementor-element-9c720d9 elementor-section-boxed elementor-section-height-default elementor-section-height-default\" data-id=\"9c720d9\" data-element_type=\"section\" data-settings=\"{&quot;jet_parallax_layout_list&quot;:[],&quot;_ha_eqh_enable&quot;:false}\">\n\t\t\t\t\t\t<div class=\"elementor-container elementor-column-gap-default\">\n\t\t\t\t\t<div class=\"has_eae_slider elementor-column elementor-col-100 elementor-top-column elementor-element elementor-element-0891012\" data-id=\"0891012\" data-element_type=\"column\">\n\t\t\t<div class=\"elementor-widget-wrap elementor-element-populated\">\n\t\t\t\t\t\t<div class=\"elementor-element elementor-element-c0f5225 elementor-widget elementor-widget-image\" data-id=\"c0f5225\" data-element_type=\"widget\" data-widget_type=\"image.default\">\n\t\t\t\t<div class=\"elementor-widget-container\">\n\t\t\t\t\t\t\t\t\t\t\t\t\t\t\t<img fetchpriority=\"high\" decoding=\"async\" width=\"800\" height=\"450\" src=\"https:\/\/thelatinapro.com\/wp-content\/uploads\/2026\/03\/Copy-of-Tarjeton-VR-2026-1920-x-1080-px-1-1024x576.jpg\" class=\"attachment-large size-large wp-image-45254\" alt=\"\" srcset=\"https:\/\/thelatinapro.com\/wp-content\/uploads\/2026\/03\/Copy-of-Tarjeton-VR-2026-1920-x-1080-px-1-1024x576.jpg 1024w, https:\/\/thelatinapro.com\/wp-content\/uploads\/2026\/03\/Copy-of-Tarjeton-VR-2026-1920-x-1080-px-1-300x169.jpg 300w, https:\/\/thelatinapro.com\/wp-content\/uploads\/2026\/03\/Copy-of-Tarjeton-VR-2026-1920-x-1080-px-1-768x432.jpg 768w, https:\/\/thelatinapro.com\/wp-content\/uploads\/2026\/03\/Copy-of-Tarjeton-VR-2026-1920-x-1080-px-1-1536x864.jpg 1536w, https:\/\/thelatinapro.com\/wp-content\/uploads\/2026\/03\/Copy-of-Tarjeton-VR-2026-1920-x-1080-px-1-18x10.jpg 18w, https:\/\/thelatinapro.com\/wp-content\/uploads\/2026\/03\/Copy-of-Tarjeton-VR-2026-1920-x-1080-px-1.jpg 1920w\" sizes=\"(max-width: 800px) 100vw, 800px\" \/>\t\t\t\t\t\t\t\t\t\t\t\t\t\t\t<\/div>\n\t\t\t\t<\/div>\n\t\t\t\t<section class=\"has_eae_slider elementor-section elementor-inner-section elementor-element elementor-element-902612b elementor-section-boxed elementor-section-height-default elementor-section-height-default\" data-id=\"902612b\" data-element_type=\"section\" data-settings=\"{&quot;jet_parallax_layout_list&quot;:[],&quot;_ha_eqh_enable&quot;:false}\">\n\t\t\t\t\t\t<div class=\"elementor-container elementor-column-gap-default\">\n\t\t\t\t\t<div class=\"has_eae_slider elementor-column elementor-col-100 elementor-inner-column elementor-element elementor-element-e53e136\" data-id=\"e53e136\" data-element_type=\"column\">\n\t\t\t<div class=\"elementor-widget-wrap elementor-element-populated\">\n\t\t\t\t\t\t<div class=\"elementor-element elementor-element-367f7c8 elementor-widget elementor-widget-heading\" data-id=\"367f7c8\" data-element_type=\"widget\" data-widget_type=\"heading.default\">\n\t\t\t\t<div class=\"elementor-widget-container\">\n\t\t\t\t\t<p class=\"elementor-heading-title elementor-size-default\">Vestidito Rojo 9na Edici\u00f3n <\/p>\t\t\t\t<\/div>\n\t\t\t\t<\/div>\n\t\t\t\t<div class=\"elementor-element elementor-element-2e8bb5f elementor-widget__width-auto ha-advanced-tooltip-top jedv-enabled--yes ha-has-bg-overlay elementor-widget elementor-widget-jet-listing-dynamic-field\" data-id=\"2e8bb5f\" data-element_type=\"widget\" data-widget_type=\"jet-listing-dynamic-field.default\">\n\t\t\t\t<div class=\"elementor-widget-container\">\n\t\t\t\t\t<div class=\"jet-listing jet-listing-dynamic-field display-inline\"><div class=\"jet-listing-dynamic-field__inline-wrap\"><i class=\"jet-listing-dynamic-field__icon far fa-calendar-alt\" aria-hidden=\"true\"><\/i><div class=\"jet-listing-dynamic-field__content\">05\/02\/26<\/div><\/div><\/div>\t\t\t\t<\/div>\n\t\t\t\t<\/div>\n\t\t\t\t<div class=\"elementor-element elementor-element-7bdf84c elementor-widget__width-auto jedv-enabled--yes elementor-widget elementor-widget-text-editor\" data-id=\"7bdf84c\" data-element_type=\"widget\" data-widget_type=\"text-editor.default\">\n\t\t\t\t<div class=\"elementor-widget-container\">\n\t\t\t\t\t\t\t\t\t\u30fb\t\t\t\t\t\t\t\t<\/div>\n\t\t\t\t<\/div>\n\t\t\t\t<div class=\"elementor-element elementor-element-c23dbb2 elementor-widget__width-auto ha-advanced-tooltip-top ha-has-bg-overlay elementor-widget elementor-widget-jet-listing-dynamic-field\" data-id=\"c23dbb2\" data-element_type=\"widget\" data-widget_type=\"jet-listing-dynamic-field.default\">\n\t\t\t\t<div class=\"elementor-widget-container\">\n\t\t\t\t\t<div class=\"jet-listing jet-listing-dynamic-field display-inline\"><div class=\"jet-listing-dynamic-field__inline-wrap\"><i class=\"jet-listing-dynamic-field__icon fas fa-map-marker-alt\" aria-hidden=\"true\"><\/i><div class=\"jet-listing-dynamic-field__content\"> Miami<\/div><\/div><\/div>\t\t\t\t<\/div>\n\t\t\t\t<\/div>\n\t\t\t\t<div class=\"elementor-element elementor-element-0e663f6 elementor-widget__width-auto jedv-enabled--yes elementor-widget elementor-widget-text-editor\" data-id=\"0e663f6\" data-element_type=\"widget\" data-widget_type=\"text-editor.default\">\n\t\t\t\t<div class=\"elementor-widget-container\">\n\t\t\t\t\t\t\t\t\t\u30fb\t\t\t\t\t\t\t\t<\/div>\n\t\t\t\t<\/div>\n\t\t\t\t<div class=\"elementor-element elementor-element-8bf6428 elementor-widget__width-auto ha-advanced-tooltip-top ha-has-bg-overlay elementor-widget elementor-widget-jet-listing-dynamic-field\" data-id=\"8bf6428\" data-element_type=\"widget\" data-widget_type=\"jet-listing-dynamic-field.default\">\n\t\t\t\t<div class=\"elementor-widget-container\">\n\t\t\t\t\t<div class=\"jet-listing jet-listing-dynamic-field display-inline\"><div class=\"jet-listing-dynamic-field__inline-wrap\"><i class=\"jet-listing-dynamic-field__icon fas fa-clock\" aria-hidden=\"true\"><\/i><div class=\"jet-listing-dynamic-field__content\">11:00<\/div><\/div><\/div>\t\t\t\t<\/div>\n\t\t\t\t<\/div>\n\t\t\t\t<div class=\"elementor-element elementor-element-2d6d095 elementor-widget__width-auto jedv-enabled--yes elementor-widget elementor-widget-text-editor\" data-id=\"2d6d095\" data-element_type=\"widget\" data-widget_type=\"text-editor.default\">\n\t\t\t\t<div class=\"elementor-widget-container\">\n\t\t\t\t\t\t\t\t\t&#8211; \t\t\t\t\t\t\t\t<\/div>\n\t\t\t\t<\/div>\n\t\t\t\t<div class=\"elementor-element elementor-element-2caa091 elementor-widget__width-auto ha-advanced-tooltip-top ha-has-bg-overlay elementor-widget elementor-widget-jet-listing-dynamic-field\" data-id=\"2caa091\" data-element_type=\"widget\" data-widget_type=\"jet-listing-dynamic-field.default\">\n\t\t\t\t<div class=\"elementor-widget-container\">\n\t\t\t\t\t<div class=\"jet-listing jet-listing-dynamic-field display-inline\"><div class=\"jet-listing-dynamic-field__inline-wrap\"><div class=\"jet-listing-dynamic-field__content\">17:00<\/div><\/div><\/div>\t\t\t\t<\/div>\n\t\t\t\t<\/div>\n\t\t\t\t<div class=\"elementor-element elementor-element-32c944e elementor-widget__width-auto jedv-enabled--yes elementor-widget elementor-widget-text-editor\" data-id=\"32c944e\" data-element_type=\"widget\" data-widget_type=\"text-editor.default\">\n\t\t\t\t<div class=\"elementor-widget-container\">\n\t\t\t\t\t\t\t\t\t<p>\u30fb<\/p>\t\t\t\t\t\t\t\t<\/div>\n\t\t\t\t<\/div>\n\t\t\t\t<div class=\"elementor-element elementor-element-8be4cd1 elementor-widget elementor-widget-text-editor\" data-id=\"8be4cd1\" data-element_type=\"widget\" data-widget_type=\"text-editor.default\">\n\t\t\t\t<div class=\"elementor-widget-container\">\n\t\t\t\t\t\t\t\t\tVENTA TEMPRANA. Nuestro evento anual emblem\u00e1tico: Una experiencia de todo un d\u00eda, dise\u00f1ada para conectar, disfrutar, inspirar. Hablemos de crecimiento y liderazgo.\t\t\t\t\t\t\t\t<\/div>\n\t\t\t\t<\/div>\n\t\t\t\t<div class=\"elementor-element elementor-element-1c98f37 jedv-enabled--yes elementor-widget elementor-widget-jet-button\" data-id=\"1c98f37\" data-element_type=\"widget\" data-widget_type=\"jet-button.default\">\n\t\t\t\t<div class=\"elementor-widget-container\">\n\t\t\t\t\t<div class=\"elementor-jet-button jet-elements\"><div class=\"jet-button__container\">\n\t<a class=\"jet-button__instance jet-button__instance--icon-left hover-effect-0\" href=\"https:\/\/thelatinapro.com\/calendario\/vestidito-rojo\/\">\n\t\t<div class=\"jet-button__plane jet-button__plane-normal\"><\/div>\n\t\t<div class=\"jet-button__plane jet-button__plane-hover\"><\/div>\n\t\t<div class=\"jet-button__state jet-button__state-normal\">\n\t\t\t<span class=\"jet-button__label\">REGISTRARME<\/span>\t\t<\/div>\n\t\t<div class=\"jet-button__state jet-button__state-hover\">\n\t\t\t<span class=\"jet-button__label\">REGISTRARME<\/span>\t\t<\/div>\n\t<\/a>\n<\/div>\n<\/div>\t\t\t\t<\/div>\n\t\t\t\t<\/div>\n\t\t\t\t\t<\/div>\n\t\t<\/div>\n\t\t\t\t\t<\/div>\n\t\t<\/section>\n\t\t\t\t\t<\/div>\n\t\t<\/div>\n\t\t\t\t\t<\/div>\n\t\t<\/section>\n\t\t\t\t<\/div>\n\t\t<\/div><div class=\"jet-listing-grid__item jet-listing-dynamic-post-45532 jet-equal-columns\" data-post-id=\"45532\" >\t\t<div data-elementor-type=\"jet-listing-items\" data-elementor-id=\"37406\" class=\"elementor elementor-37406\" data-elementor-settings=\"{&quot;ha_cmc_init_switcher&quot;:&quot;no&quot;}\" data-elementor-post-type=\"jet-engine\">\n\t\t\t\t\t\t<section class=\"has_eae_slider elementor-section elementor-top-section elementor-element elementor-element-9c720d9 elementor-section-boxed elementor-section-height-default elementor-section-height-default\" data-id=\"9c720d9\" data-element_type=\"section\" data-settings=\"{&quot;jet_parallax_layout_list&quot;:[],&quot;_ha_eqh_enable&quot;:false}\">\n\t\t\t\t\t\t<div class=\"elementor-container elementor-column-gap-default\">\n\t\t\t\t\t<div class=\"has_eae_slider elementor-column elementor-col-100 elementor-top-column elementor-element elementor-element-0891012\" data-id=\"0891012\" data-element_type=\"column\">\n\t\t\t<div class=\"elementor-widget-wrap elementor-element-populated\">\n\t\t\t\t\t\t<div class=\"elementor-element elementor-element-c0f5225 elementor-widget elementor-widget-image\" data-id=\"c0f5225\" data-element_type=\"widget\" data-widget_type=\"image.default\">\n\t\t\t\t<div class=\"elementor-widget-container\">\n\t\t\t\t\t\t\t\t\t\t\t\t\t\t\t<img decoding=\"async\" width=\"800\" height=\"450\" src=\"https:\/\/thelatinapro.com\/wp-content\/uploads\/2026\/04\/Junio-20-2026-fontainebleau-hotel-miami-beach-fl-2-1024x576.jpg\" class=\"attachment-large size-large wp-image-45533\" alt=\"\" srcset=\"https:\/\/thelatinapro.com\/wp-content\/uploads\/2026\/04\/Junio-20-2026-fontainebleau-hotel-miami-beach-fl-2-1024x576.jpg 1024w, https:\/\/thelatinapro.com\/wp-content\/uploads\/2026\/04\/Junio-20-2026-fontainebleau-hotel-miami-beach-fl-2-300x169.jpg 300w, https:\/\/thelatinapro.com\/wp-content\/uploads\/2026\/04\/Junio-20-2026-fontainebleau-hotel-miami-beach-fl-2-768x432.jpg 768w, https:\/\/thelatinapro.com\/wp-content\/uploads\/2026\/04\/Junio-20-2026-fontainebleau-hotel-miami-beach-fl-2-1536x864.jpg 1536w, https:\/\/thelatinapro.com\/wp-content\/uploads\/2026\/04\/Junio-20-2026-fontainebleau-hotel-miami-beach-fl-2-18x10.jpg 18w, https:\/\/thelatinapro.com\/wp-content\/uploads\/2026\/04\/Junio-20-2026-fontainebleau-hotel-miami-beach-fl-2.jpg 1920w\" sizes=\"(max-width: 800px) 100vw, 800px\" \/>\t\t\t\t\t\t\t\t\t\t\t\t\t\t\t<\/div>\n\t\t\t\t<\/div>\n\t\t\t\t<section class=\"has_eae_slider elementor-section elementor-inner-section elementor-element elementor-element-902612b elementor-section-boxed elementor-section-height-default elementor-section-height-default\" data-id=\"902612b\" data-element_type=\"section\" data-settings=\"{&quot;jet_parallax_layout_list&quot;:[],&quot;_ha_eqh_enable&quot;:false}\">\n\t\t\t\t\t\t<div class=\"elementor-container elementor-column-gap-default\">\n\t\t\t\t\t<div class=\"has_eae_slider elementor-column elementor-col-100 elementor-inner-column elementor-element elementor-element-e53e136\" data-id=\"e53e136\" data-element_type=\"column\">\n\t\t\t<div class=\"elementor-widget-wrap elementor-element-populated\">\n\t\t\t\t\t\t<div class=\"elementor-element elementor-element-367f7c8 elementor-widget elementor-widget-heading\" data-id=\"367f7c8\" data-element_type=\"widget\" data-widget_type=\"heading.default\">\n\t\t\t\t<div class=\"elementor-widget-container\">\n\t\t\t\t\t<p class=\"elementor-heading-title elementor-size-default\">Vestidito Verde SAVE THE DATE<\/p>\t\t\t\t<\/div>\n\t\t\t\t<\/div>\n\t\t\t\t<div class=\"elementor-element elementor-element-2e8bb5f elementor-widget__width-auto ha-advanced-tooltip-top jedv-enabled--yes ha-has-bg-overlay elementor-widget elementor-widget-jet-listing-dynamic-field\" data-id=\"2e8bb5f\" data-element_type=\"widget\" data-widget_type=\"jet-listing-dynamic-field.default\">\n\t\t\t\t<div class=\"elementor-widget-container\">\n\t\t\t\t\t<div class=\"jet-listing jet-listing-dynamic-field display-inline\"><div class=\"jet-listing-dynamic-field__inline-wrap\"><i class=\"jet-listing-dynamic-field__icon far fa-calendar-alt\" aria-hidden=\"true\"><\/i><div class=\"jet-listing-dynamic-field__content\">06\/20\/26<\/div><\/div><\/div>\t\t\t\t<\/div>\n\t\t\t\t<\/div>\n\t\t\t\t<div class=\"elementor-element elementor-element-7bdf84c elementor-widget__width-auto jedv-enabled--yes elementor-widget elementor-widget-text-editor\" data-id=\"7bdf84c\" data-element_type=\"widget\" data-widget_type=\"text-editor.default\">\n\t\t\t\t<div class=\"elementor-widget-container\">\n\t\t\t\t\t\t\t\t\t\u30fb\t\t\t\t\t\t\t\t<\/div>\n\t\t\t\t<\/div>\n\t\t\t\t<div class=\"elementor-element elementor-element-c23dbb2 elementor-widget__width-auto ha-advanced-tooltip-top ha-has-bg-overlay elementor-widget elementor-widget-jet-listing-dynamic-field\" data-id=\"c23dbb2\" data-element_type=\"widget\" data-widget_type=\"jet-listing-dynamic-field.default\">\n\t\t\t\t<div class=\"elementor-widget-container\">\n\t\t\t\t\t<div class=\"jet-listing jet-listing-dynamic-field display-inline\"><div class=\"jet-listing-dynamic-field__inline-wrap\"><i class=\"jet-listing-dynamic-field__icon fas fa-map-marker-alt\" aria-hidden=\"true\"><\/i><div class=\"jet-listing-dynamic-field__content\">Hotel Fontainebleau Miami Beach<\/div><\/div><\/div>\t\t\t\t<\/div>\n\t\t\t\t<\/div>\n\t\t\t\t<div class=\"elementor-element elementor-element-0e663f6 elementor-widget__width-auto jedv-enabled--yes elementor-widget elementor-widget-text-editor\" data-id=\"0e663f6\" data-element_type=\"widget\" data-widget_type=\"text-editor.default\">\n\t\t\t\t<div class=\"elementor-widget-container\">\n\t\t\t\t\t\t\t\t\t\u30fb\t\t\t\t\t\t\t\t<\/div>\n\t\t\t\t<\/div>\n\t\t\t\t<div class=\"elementor-element elementor-element-8bf6428 elementor-widget__width-auto ha-advanced-tooltip-top ha-has-bg-overlay elementor-widget elementor-widget-jet-listing-dynamic-field\" data-id=\"8bf6428\" data-element_type=\"widget\" data-widget_type=\"jet-listing-dynamic-field.default\">\n\t\t\t\t<div class=\"elementor-widget-container\">\n\t\t\t\t\t<div class=\"jet-listing jet-listing-dynamic-field display-inline\"><div class=\"jet-listing-dynamic-field__inline-wrap\"><i class=\"jet-listing-dynamic-field__icon fas fa-clock\" aria-hidden=\"true\"><\/i><div class=\"jet-listing-dynamic-field__content\">11:00<\/div><\/div><\/div>\t\t\t\t<\/div>\n\t\t\t\t<\/div>\n\t\t\t\t<div class=\"elementor-element elementor-element-2d6d095 elementor-widget__width-auto jedv-enabled--yes elementor-widget elementor-widget-text-editor\" data-id=\"2d6d095\" data-element_type=\"widget\" data-widget_type=\"text-editor.default\">\n\t\t\t\t<div class=\"elementor-widget-container\">\n\t\t\t\t\t\t\t\t\t&#8211; \t\t\t\t\t\t\t\t<\/div>\n\t\t\t\t<\/div>\n\t\t\t\t<div class=\"elementor-element elementor-element-2caa091 elementor-widget__width-auto ha-advanced-tooltip-top ha-has-bg-overlay elementor-widget elementor-widget-jet-listing-dynamic-field\" data-id=\"2caa091\" data-element_type=\"widget\" data-widget_type=\"jet-listing-dynamic-field.default\">\n\t\t\t\t<div class=\"elementor-widget-container\">\n\t\t\t\t\t<div class=\"jet-listing jet-listing-dynamic-field display-inline\"><div class=\"jet-listing-dynamic-field__inline-wrap\"><div class=\"jet-listing-dynamic-field__content\">16:00<\/div><\/div><\/div>\t\t\t\t<\/div>\n\t\t\t\t<\/div>\n\t\t\t\t<div class=\"elementor-element elementor-element-32c944e elementor-widget__width-auto jedv-enabled--yes elementor-widget elementor-widget-text-editor\" data-id=\"32c944e\" data-element_type=\"widget\" data-widget_type=\"text-editor.default\">\n\t\t\t\t<div class=\"elementor-widget-container\">\n\t\t\t\t\t\t\t\t\t<p>\u30fb<\/p>\t\t\t\t\t\t\t\t<\/div>\n\t\t\t\t<\/div>\n\t\t\t\t<div class=\"elementor-element elementor-element-13410cd elementor-widget__width-auto ha-advanced-tooltip-top ha-has-bg-overlay elementor-widget elementor-widget-jet-listing-dynamic-field\" data-id=\"13410cd\" data-element_type=\"widget\" data-widget_type=\"jet-listing-dynamic-field.default\">\n\t\t\t\t<div class=\"elementor-widget-container\">\n\t\t\t\t\t<div class=\"jet-listing jet-listing-dynamic-field display-inline\"><div class=\"jet-listing-dynamic-field__inline-wrap\"><i class=\"jet-listing-dynamic-field__icon fas fa-dollar-sign\" aria-hidden=\"true\"><\/i><div class=\"jet-listing-dynamic-field__content\">SAVE THE DATE<\/div><\/div><\/div>\t\t\t\t<\/div>\n\t\t\t\t<\/div>\n\t\t\t\t<div class=\"elementor-element elementor-element-8be4cd1 elementor-widget elementor-widget-text-editor\" data-id=\"8be4cd1\" data-element_type=\"widget\" data-widget_type=\"text-editor.default\">\n\t\t\t\t<div class=\"elementor-widget-container\">\n\t\t\t\t\t\t\t\t\tEvento con diferentes conferencias dise\u00f1ada para mujeres profesionales y emprendedoras que desean construir, proteger, hacer crecer y transferir la riqueza en todas sus formas: financiera, emocional, mental, f\u00edsica. \u00daNETE A LA LISTA DE ESPERA.\t\t\t\t\t\t\t\t<\/div>\n\t\t\t\t<\/div>\n\t\t\t\t<div class=\"elementor-element elementor-element-1c98f37 jedv-enabled--yes elementor-widget elementor-widget-jet-button\" data-id=\"1c98f37\" data-element_type=\"widget\" data-widget_type=\"jet-button.default\">\n\t\t\t\t<div class=\"elementor-widget-container\">\n\t\t\t\t\t<div class=\"elementor-jet-button jet-elements\"><div class=\"jet-button__container\">\n\t<a class=\"jet-button__instance jet-button__instance--icon-left hover-effect-0\" href=\"https:\/\/thelatinapro.com\/calendario\/vestidito-verde\/\">\n\t\t<div class=\"jet-button__plane jet-button__plane-normal\"><\/div>\n\t\t<div class=\"jet-button__plane jet-button__plane-hover\"><\/div>\n\t\t<div class=\"jet-button__state jet-button__state-normal\">\n\t\t\t<span class=\"jet-button__label\">REGISTRARME<\/span>\t\t<\/div>\n\t\t<div class=\"jet-button__state jet-button__state-hover\">\n\t\t\t<span class=\"jet-button__label\">REGISTRARME<\/span>\t\t<\/div>\n\t<\/a>\n<\/div>\n<\/div>\t\t\t\t<\/div>\n\t\t\t\t<\/div>\n\t\t\t\t\t<\/div>\n\t\t<\/div>\n\t\t\t\t\t<\/div>\n\t\t<\/section>\n\t\t\t\t\t<\/div>\n\t\t<\/div>\n\t\t\t\t\t<\/div>\n\t\t<\/section>\n\t\t\t\t<\/div>\n\t\t<\/div><\/div><\/div>\t\t\t\t<\/div>\n\t\t\t\t<\/div>\n\t\t\t\t\t<\/div>\n\t\t<\/div>\n\t\t\t\t\t<\/div>\n\t\t<\/section>\n\t\t\t\t<\/div>\n\t\t","protected":false},"excerpt":{"rendered":"<p>Futuros eventos y encuentros Conoce los futuros eventos the TheLatinaPro\u00ae Calendario de Eventos 2701 NW 2nd Ave, Miami, FL 33127 18:00 20:00 REGISTRO INICIA PRONTO REGISTRO INICIA PRONTO Miami REGISTRO INICIA PRONTO REGISTRO INICIA PRONTO<\/p>","protected":false},"author":1,"featured_media":0,"parent":0,"menu_order":7,"comment_status":"closed","ping_status":"closed","template":"elementor_header_footer","meta":{"_joinchat":[],"footnotes":""},"class_list":["post-9654","page","type-page","status-publish","hentry"],"_links":{"self":[{"href":"https:\/\/thelatinapro.com\/en\/wp-json\/wp\/v2\/pages\/9654","targetHints":{"allow":["GET"]}}],"collection":[{"href":"https:\/\/thelatinapro.com\/en\/wp-json\/wp\/v2\/pages"}],"about":[{"href":"https:\/\/thelatinapro.com\/en\/wp-json\/wp\/v2\/types\/page"}],"author":[{"embeddable":true,"href":"https:\/\/thelatinapro.com\/en\/wp-json\/wp\/v2\/users\/1"}],"replies":[{"embeddable":true,"href":"https:\/\/thelatinapro.com\/en\/wp-json\/wp\/v2\/comments?post=9654"}],"version-history":[{"count":506,"href":"https:\/\/thelatinapro.com\/en\/wp-json\/wp\/v2\/pages\/9654\/revisions"}],"predecessor-version":[{"id":39558,"href":"https:\/\/thelatinapro.com\/en\/wp-json\/wp\/v2\/pages\/9654\/revisions\/39558"}],"wp:attachment":[{"href":"https:\/\/thelatinapro.com\/en\/wp-json\/wp\/v2\/media?parent=9654"}],"curies":[{"name":"wp","href":"https:\/\/api.w.org\/{rel}","templated":true}]}}