{"id":33476,"date":"2024-02-28T13:11:18","date_gmt":"2024-02-28T17:11:18","guid":{"rendered":"https:\/\/thelatinapro.com\/?page_id=33476"},"modified":"2024-03-05T09:15:48","modified_gmt":"2024-03-05T13:15:48","slug":"liderazgofemeninoquetrasciende","status":"publish","type":"page","link":"https:\/\/thelatinapro.com\/en\/liderazgofemeninoquetrasciende\/","title":{"rendered":"Liderazgo Femenino Que Trasciende"},"content":{"rendered":"\t\t<div data-elementor-type=\"wp-page\" data-elementor-id=\"33476\" class=\"elementor elementor-33476\" data-elementor-settings=\"{&quot;ha_cmc_init_switcher&quot;:&quot;no&quot;}\" data-elementor-post-type=\"page\">\n\t\t\t\t\t\t<section class=\"has_eae_slider elementor-section elementor-top-section elementor-element elementor-element-dd01f56 elementor-section-full_width elementor-section-height-min-height elementor-section-items-bottom elementor-reverse-mobile elementor-section-height-default\" data-dce-background-overlay-color=\"#FFFFFF\" data-id=\"dd01f56\" data-element_type=\"section\" data-settings=\"{&quot;background_background&quot;:&quot;gradient&quot;,&quot;jet_parallax_layout_list&quot;:[],&quot;_ha_eqh_enable&quot;:false}\">\n\t\t\t\t\t\t\t<div class=\"elementor-background-overlay\"><\/div>\n\t\t\t\t\t\t\t<div class=\"elementor-container elementor-column-gap-default\">\n\t\t\t\t\t<div class=\"has_eae_slider elementor-column elementor-col-50 elementor-top-column elementor-element elementor-element-211273e elementor-hidden-mobile\" data-id=\"211273e\" data-element_type=\"column\">\n\t\t\t<div class=\"elementor-widget-wrap elementor-element-populated\">\n\t\t\t\t\t\t<div class=\"elementor-element elementor-element-fd8a776 elementor-widget elementor-widget-image\" data-id=\"fd8a776\" data-element_type=\"widget\" data-widget_type=\"image.default\">\n\t\t\t\t<div class=\"elementor-widget-container\">\n\t\t\t\t\t\t\t\t\t\t\t\t\t\t\t<img fetchpriority=\"high\" decoding=\"async\" width=\"1000\" height=\"1100\" src=\"https:\/\/thelatinapro.com\/wp-content\/uploads\/2024\/02\/Untitled-design-2024-02-28T142105.153.png\" class=\"attachment-full size-full wp-image-33482\" alt=\"\" srcset=\"https:\/\/thelatinapro.com\/wp-content\/uploads\/2024\/02\/Untitled-design-2024-02-28T142105.153.png 1000w, https:\/\/thelatinapro.com\/wp-content\/uploads\/2024\/02\/Untitled-design-2024-02-28T142105.153-273x300.png 273w, https:\/\/thelatinapro.com\/wp-content\/uploads\/2024\/02\/Untitled-design-2024-02-28T142105.153-931x1024.png 931w, https:\/\/thelatinapro.com\/wp-content\/uploads\/2024\/02\/Untitled-design-2024-02-28T142105.153-768x845.png 768w, https:\/\/thelatinapro.com\/wp-content\/uploads\/2024\/02\/Untitled-design-2024-02-28T142105.153-11x12.png 11w\" sizes=\"(max-width: 1000px) 100vw, 1000px\" \/>\t\t\t\t\t\t\t\t\t\t\t\t\t\t\t<\/div>\n\t\t\t\t<\/div>\n\t\t\t\t\t<\/div>\n\t\t<\/div>\n\t\t\t\t<div class=\"has_eae_slider elementor-column elementor-col-50 elementor-top-column elementor-element elementor-element-33c503b\" data-id=\"33c503b\" data-element_type=\"column\" data-settings=\"{&quot;background_background&quot;:&quot;classic&quot;}\">\n\t\t\t<div class=\"elementor-widget-wrap elementor-element-populated\">\n\t\t\t\t\t\t<section class=\"has_eae_slider elementor-section elementor-inner-section elementor-element elementor-element-a2eb8e7 elementor-section-boxed elementor-section-height-default elementor-section-height-default\" data-id=\"a2eb8e7\" data-element_type=\"section\" data-settings=\"{&quot;jet_parallax_layout_list&quot;:[],&quot;_ha_eqh_enable&quot;:false}\">\n\t\t\t\t\t\t\t<div class=\"elementor-background-overlay\"><\/div>\n\t\t\t\t\t\t\t<div class=\"elementor-container elementor-column-gap-default\">\n\t\t\t\t\t<div class=\"has_eae_slider elementor-column elementor-col-100 elementor-inner-column elementor-element elementor-element-cfcd5e0\" data-id=\"cfcd5e0\" data-element_type=\"column\">\n\t\t\t<div class=\"elementor-widget-wrap elementor-element-populated\">\n\t\t\t\t\t\t<div class=\"elementor-element elementor-element-8a1214f elementor-widget elementor-widget-heading\" data-id=\"8a1214f\" data-element_type=\"widget\" data-widget_type=\"heading.default\">\n\t\t\t\t<div class=\"elementor-widget-container\">\n\t\t\t\t\t<h1 class=\"elementor-heading-title elementor-size-default\">Las 3 claves del liderazgo femenino <a style=\"text-decoration: underline\">que trasciende<\/a>\n<\/h1>\t\t\t\t<\/div>\n\t\t\t\t<\/div>\n\t\t\t\t<div class=\"elementor-element elementor-element-2f08db9 elementor-widget elementor-widget-heading\" data-id=\"2f08db9\" data-element_type=\"widget\" data-widget_type=\"heading.default\">\n\t\t\t\t<div class=\"elementor-widget-container\">\n\t\t\t\t\t<h1 class=\"elementor-heading-title elementor-size-default\">En este ebook aprender\u00e1s:<\/h1>\t\t\t\t<\/div>\n\t\t\t\t<\/div>\n\t\t\t\t<div class=\"elementor-element elementor-element-597c011 elementor-icon-list--layout-traditional elementor-list-item-link-full_width elementor-widget elementor-widget-icon-list\" data-id=\"597c011\" data-element_type=\"widget\" data-widget_type=\"icon-list.default\">\n\t\t\t\t<div class=\"elementor-widget-container\">\n\t\t\t\t\t\t\t<ul class=\"elementor-icon-list-items\">\n\t\t\t\t\t\t\t<li class=\"elementor-icon-list-item\">\n\t\t\t\t\t\t\t\t\t\t\t<span class=\"elementor-icon-list-icon\">\n\t\t\t\t\t\t\t<i aria-hidden=\"true\" class=\"fas fa-check\"><\/i>\t\t\t\t\t\t<\/span>\n\t\t\t\t\t\t\t\t\t\t<span class=\"elementor-icon-list-text\">Cu\u00e1les son las claves m\u00e1s poderosas para aplicar un liderazgo que trascienda a cualquier nivel en el que te encuentres,<\/span>\n\t\t\t\t\t\t\t\t\t<\/li>\n\t\t\t\t\t\t\t\t<li class=\"elementor-icon-list-item\">\n\t\t\t\t\t\t\t\t\t\t\t<span class=\"elementor-icon-list-icon\">\n\t\t\t\t\t\t\t<i aria-hidden=\"true\" class=\"fas fa-check\"><\/i>\t\t\t\t\t\t<\/span>\n\t\t\t\t\t\t\t\t\t\t<span class=\"elementor-icon-list-text\">Cu\u00e1les son los errores m\u00e1s comunes en el liderazgo femenino y c\u00f3mo evitarlos,<\/span>\n\t\t\t\t\t\t\t\t\t<\/li>\n\t\t\t\t\t\t\t\t<li class=\"elementor-icon-list-item\">\n\t\t\t\t\t\t\t\t\t\t\t<span class=\"elementor-icon-list-icon\">\n\t\t\t\t\t\t\t<i aria-hidden=\"true\" class=\"fas fa-check\"><\/i>\t\t\t\t\t\t<\/span>\n\t\t\t\t\t\t\t\t\t\t<span class=\"elementor-icon-list-text\">C\u00f3mo percibir si tu liderazgo efectivamente est\u00e1 trascendiendo.<\/span>\n\t\t\t\t\t\t\t\t\t<\/li>\n\t\t\t\t\t\t<\/ul>\n\t\t\t\t\t\t<\/div>\n\t\t\t\t<\/div>\n\t\t\t\t\t<\/div>\n\t\t<\/div>\n\t\t\t\t\t<\/div>\n\t\t<\/section>\n\t\t\t\t<section class=\"has_eae_slider elementor-section elementor-inner-section elementor-element elementor-element-ac99884 elementor-section-boxed elementor-section-height-default elementor-section-height-default\" data-id=\"ac99884\" data-element_type=\"section\" data-settings=\"{&quot;jet_parallax_layout_list&quot;:[],&quot;background_background&quot;:&quot;classic&quot;,&quot;_ha_eqh_enable&quot;:false}\">\n\t\t\t\t\t\t<div class=\"elementor-container elementor-column-gap-default\">\n\t\t\t\t\t<div class=\"has_eae_slider elementor-column elementor-col-100 elementor-inner-column elementor-element elementor-element-68b6324\" data-id=\"68b6324\" data-element_type=\"column\">\n\t\t\t<div class=\"elementor-widget-wrap elementor-element-populated\">\n\t\t\t\t\t\t<div class=\"elementor-element elementor-element-468471e elementor-widget elementor-widget-heading\" data-id=\"468471e\" data-element_type=\"widget\" data-widget_type=\"heading.default\">\n\t\t\t\t<div class=\"elementor-widget-container\">\n\t\t\t\t\t<h1 class=\"elementor-heading-title elementor-size-default\">Descarga GRATIS el Ebook ahora<\/h1>\t\t\t\t<\/div>\n\t\t\t\t<\/div>\n\t\t\t\t<div class=\"elementor-element elementor-element-24650ef elementor-button-align-stretch elementor-widget elementor-widget-form\" data-id=\"24650ef\" data-element_type=\"widget\" data-settings=\"{&quot;step_next_label&quot;:&quot;Next&quot;,&quot;step_previous_label&quot;:&quot;Previous&quot;,&quot;button_width&quot;:&quot;100&quot;,&quot;dce_confirm_dialog_enabled&quot;:&quot;no&quot;,&quot;step_type&quot;:&quot;number_text&quot;,&quot;step_icon_shape&quot;:&quot;circle&quot;,&quot;label_icon_size&quot;:{&quot;unit&quot;:&quot;px&quot;,&quot;size&quot;:&quot;&quot;,&quot;sizes&quot;:[]},&quot;field_icon_size&quot;:{&quot;unit&quot;:&quot;px&quot;,&quot;size&quot;:&quot;&quot;,&quot;sizes&quot;:[]}}\" data-widget_type=\"form.default\">\n\t\t\t\t<div class=\"elementor-widget-container\">\n\t\t\t\t\t\t\t<form class=\"elementor-form\" method=\"post\" name=\"Ebook Gratis - Liderazgo Femenino\" aria-label=\"Ebook Gratis - Liderazgo Femenino\">\n\t\t\t<input type=\"hidden\" name=\"post_id\" value=\"33476\"\/>\n\t\t\t<input type=\"hidden\" name=\"form_id\" value=\"24650ef\"\/>\n\t\t\t<input type=\"hidden\" name=\"referer_title\" value=\"Ebook Liderazgo Femenino Que Trasciende - The Latina Pro\" \/>\n\n\t\t\t\t\t\t\t<input type=\"hidden\" name=\"queried_id\" value=\"33476\"\/>\n\t\t\t\n\t\t\t<div class=\"elementor-form-fields-wrapper elementor-labels-\">\n\t\t\t\t\t\t\t\t<div class=\"elementor-field-type-text elementor-field-group elementor-column elementor-field-group-name elementor-col-50 elementor-field-required\">\n\t\t\t\t\t\t\t\t\t\t\t\t<label for=\"form-field-name\" class=\"elementor-field-label elementor-screen-only\">\n\t\t\t\t\t\t\t\tName\t\t\t\t\t\t\t<\/label>\n\t\t\t\t\t\t\t\t\t\t\t\t\t\t<input size=\"1\" type=\"text\" name=\"form_fields[name]\" id=\"form-field-name\" class=\"elementor-field elementor-size-sm  elementor-field-textual\" placeholder=\"Tu nombre...\" required=\"required\">\n\t\t\t\t\t\t\t\t\t\t\t<\/div>\n\t\t\t\t\t\t\t\t<div class=\"elementor-field-type-text elementor-field-group elementor-column elementor-field-group-apellido elementor-col-50 elementor-field-required\">\n\t\t\t\t\t\t\t\t\t\t\t\t<label for=\"form-field-apellido\" class=\"elementor-field-label elementor-screen-only\">\n\t\t\t\t\t\t\t\tApellido\t\t\t\t\t\t\t<\/label>\n\t\t\t\t\t\t\t\t\t\t\t\t\t\t<input size=\"1\" type=\"text\" name=\"form_fields[apellido]\" id=\"form-field-apellido\" class=\"elementor-field elementor-size-sm  elementor-field-textual\" placeholder=\"Tu apellido...\" required=\"required\">\n\t\t\t\t\t\t\t\t\t\t\t<\/div>\n\t\t\t\t\t\t\t\t<div class=\"elementor-field-type-email elementor-field-group elementor-column elementor-field-group-email elementor-col-100 elementor-field-required\">\n\t\t\t\t\t\t\t\t\t\t\t\t<label for=\"form-field-email\" class=\"elementor-field-label elementor-screen-only\">\n\t\t\t\t\t\t\t\tEmail\t\t\t\t\t\t\t<\/label>\n\t\t\t\t\t\t\t\t\t\t\t\t\t\t<input size=\"1\" type=\"email\" name=\"form_fields[email]\" id=\"form-field-email\" class=\"elementor-field elementor-size-sm  elementor-field-textual\" placeholder=\"Tu email...\" required=\"required\">\n\t\t\t\t\t\t\t\t\t\t\t<\/div>\n\t\t\t\t\t\t\t\t<div class=\"elementor-field-group elementor-column elementor-field-type-submit elementor-col-100 e-form__buttons\">\n\t\t\t\t\t<button class=\"elementor-button elementor-size-md\" type=\"submit\">\n\t\t\t\t\t\t<span class=\"elementor-button-content-wrapper\">\n\t\t\t\t\t\t\t\t\t\t\t\t\t\t\t\t\t\t\t\t\t\t<span class=\"elementor-button-text\">DESCARGAR EBOOK<\/span>\n\t\t\t\t\t\t\t\t\t\t\t\t\t<\/span>\n\t\t\t\t\t<\/button>\n\t\t\t\t<\/div>\n\t\t\t<\/div>\n\t\t<\/form>\n\t\t\t\t\t\t<\/div>\n\t\t\t\t<\/div>\n\t\t\t\t<div class=\"elementor-element elementor-element-05e6b0c elementor-widget elementor-widget-heading\" data-id=\"05e6b0c\" data-element_type=\"widget\" data-widget_type=\"heading.default\">\n\t\t\t\t<div class=\"elementor-widget-container\">\n\t\t\t\t\t<p class=\"elementor-heading-title elementor-size-default\">100% REAL: Las mismas claves que me han ayudado a liderar equipos internacionales durante m\u00e1s de 10 a\u00f1os en una Compa\u00f1\u00eda Fortune 500 y en mi propia Comunidad Internacional de Mujeres Latinas Profesionales y Emprendedoras.    \n<\/p>\t\t\t\t<\/div>\n\t\t\t\t<\/div>\n\t\t\t\t\t<\/div>\n\t\t<\/div>\n\t\t\t\t\t<\/div>\n\t\t<\/section>\n\t\t\t\t<div class=\"elementor-element elementor-element-eef7f3b elementor-widget elementor-widget-heading\" data-id=\"eef7f3b\" data-element_type=\"widget\" data-widget_type=\"heading.default\">\n\t\t\t\t<div class=\"elementor-widget-container\">\n\t\t\t\t\t<p class=\"elementor-heading-title elementor-size-default\">He aparecido en<\/p>\t\t\t\t<\/div>\n\t\t\t\t<\/div>\n\t\t\t\t<div class=\"elementor-element elementor-element-14443f8 elementor-widget elementor-widget-image\" data-id=\"14443f8\" data-element_type=\"widget\" data-widget_type=\"image.default\">\n\t\t\t\t<div class=\"elementor-widget-container\">\n\t\t\t\t\t\t\t\t\t\t\t\t\t\t\t<img decoding=\"async\" width=\"800\" height=\"286\" src=\"https:\/\/thelatinapro.com\/wp-content\/uploads\/2024\/03\/telemundo-logo-1-1024x366.png\" class=\"attachment-large size-large wp-image-33572\" alt=\"\" srcset=\"https:\/\/thelatinapro.com\/wp-content\/uploads\/2024\/03\/telemundo-logo-1-1024x366.png 1024w, https:\/\/thelatinapro.com\/wp-content\/uploads\/2024\/03\/telemundo-logo-1-300x107.png 300w, https:\/\/thelatinapro.com\/wp-content\/uploads\/2024\/03\/telemundo-logo-1-768x274.png 768w, https:\/\/thelatinapro.com\/wp-content\/uploads\/2024\/03\/telemundo-logo-1-1536x549.png 1536w, https:\/\/thelatinapro.com\/wp-content\/uploads\/2024\/03\/telemundo-logo-1-2048x731.png 2048w, https:\/\/thelatinapro.com\/wp-content\/uploads\/2024\/03\/telemundo-logo-1-18x6.png 18w\" sizes=\"(max-width: 800px) 100vw, 800px\" \/>\t\t\t\t\t\t\t\t\t\t\t\t\t\t\t<\/div>\n\t\t\t\t<\/div>\n\t\t\t\t\t<\/div>\n\t\t<\/div>\n\t\t\t\t\t<\/div>\n\t\t<\/section>\n\t\t\t\t<\/div>\n\t\t","protected":false},"excerpt":{"rendered":"<p>Las 3 claves del liderazgo femenino que trasciende En este ebook aprender\u00e1s: Cu\u00e1les son las claves m\u00e1s poderosas para aplicar un liderazgo que trascienda a cualquier nivel en el que te encuentres, Cu\u00e1les son los errores m\u00e1s comunes en el liderazgo femenino y c\u00f3mo evitarlos, C\u00f3mo percibir si tu liderazgo efectivamente est\u00e1 trascendiendo. Descarga GRATIS [&hellip;]<\/p>\n","protected":false},"author":1,"featured_media":0,"parent":0,"menu_order":7,"comment_status":"closed","ping_status":"closed","template":"elementor_canvas","meta":{"_joinchat":[],"footnotes":""},"class_list":["post-33476","page","type-page","status-publish","hentry"],"_links":{"self":[{"href":"https:\/\/thelatinapro.com\/en\/wp-json\/wp\/v2\/pages\/33476","targetHints":{"allow":["GET"]}}],"collection":[{"href":"https:\/\/thelatinapro.com\/en\/wp-json\/wp\/v2\/pages"}],"about":[{"href":"https:\/\/thelatinapro.com\/en\/wp-json\/wp\/v2\/types\/page"}],"author":[{"embeddable":true,"href":"https:\/\/thelatinapro.com\/en\/wp-json\/wp\/v2\/users\/1"}],"replies":[{"embeddable":true,"href":"https:\/\/thelatinapro.com\/en\/wp-json\/wp\/v2\/comments?post=33476"}],"version-history":[{"count":98,"href":"https:\/\/thelatinapro.com\/en\/wp-json\/wp\/v2\/pages\/33476\/revisions"}],"predecessor-version":[{"id":33593,"href":"https:\/\/thelatinapro.com\/en\/wp-json\/wp\/v2\/pages\/33476\/revisions\/33593"}],"wp:attachment":[{"href":"https:\/\/thelatinapro.com\/en\/wp-json\/wp\/v2\/media?parent=33476"}],"curies":[{"name":"wp","href":"https:\/\/api.w.org\/{rel}","templated":true}]}}